{"id":84,"date":"2020-11-17T13:16:28","date_gmt":"2020-11-17T12:16:28","guid":{"rendered":"https:\/\/kupoge.de\/blog\/?page_id=84"},"modified":"2024-04-05T12:16:37","modified_gmt":"2024-04-05T10:16:37","slug":"impressum","status":"publish","type":"page","link":"https:\/\/kupoge.de\/blog\/impressum\/","title":{"rendered":"Impressum"},"content":{"rendered":"\n<p>Kulturpolitische Gesellschaft e.V.<br>Weberstr. 59a<br>53113 Bonn<br>Tel.: +49 \u2013 (0)228 \u2013 201 67-0<br>Fax: +49 \u2013 (0)228 \u2013 201 67-33<br>post@kupoge.de<br>www.kupoge.de<\/p>\n\n\n\n<h3 class=\"wp-block-heading\">Gesetzlicher Vertreter<\/h3>\n\n\n\n<p>Katherine Heid, Gesch\u00e4ftsf\u00fchrerin<br>Amtsgericht Bonn: VR 8284<br>Steuer-Nr.: 205\/5766\/1396<br>Umsatzsteuer-Identifikationsnummer: DE 125135339<\/p>\n\n\n\n<h3 class=\"wp-block-heading\">Datenschutzbestimmungen<\/h3>\n\n\n\n<p>Die Kulturpolitische Gesellschaft e.V. nimmt den Schutz Ihrer personenbezogenen Daten sehr ernst. Personenbezogene Informationen werden bei uns nur erhoben, soweit sie f\u00fcr die Ausf\u00fchrung der auf unserer Website angebotenen Dienste erforderlich sind (z.B. Newsletterversand). Nach Beendigung des Nutzungsverh\u00e4ltnisses werden alle personenbezogenen Daten umgehend gel\u00f6scht. Die Kulturpolitische Gesellschaft e.V. verpflichtet sich, die Privatsph\u00e4re aller Personen zu sch\u00fctzen, die die Website der KuPoGe nutzen, und evtl. \u00fcberlassene personenbezogene Daten vertraulich zu behandeln. Eine Weitergabe an Dritte erfolgt nicht.<\/p>\n\n\n\n<h3 class=\"wp-block-heading\">Haftungsausschluss<\/h3>\n\n\n\n<p>Die Inhalte wurden mit gr\u00f6\u00dfter Sorgfalt nach bestem Wissen und Gewissen recherchiert und bearbeitet. Dennoch kann f\u00fcr die Aktualit\u00e4t, Richtigkeit und Vollst\u00e4ndigkeit keine Gew\u00e4hr \u00fcbernommen werden. Sollten aus einer Nutzung oder Nichtnutzung fehlerhafter und\/oder unvollst\u00e4ndiger Informationen dieser Internetseiten Nachteile f\u00fcr den\/die NutzerIn entstehen, \u00fcbernimmt die Kulturpolitische Gesellschaft keinerlei Haftung. Sofern Teile oder einzelne Formulierungen der geltenden Rechtslage nicht, nicht mehr oder nicht vollst\u00e4ndig entsprechen sollten, blieben die \u00fcbrigen Teile in ihrem Inhalt und ihrer G\u00fcltigkeit unber\u00fchrt.<\/p>\n\n\n\n<h3 class=\"wp-block-heading\">Verweise und Links<\/h3>\n\n\n\n<p>F\u00fcr alle auf diesen Internetseiten gesetzten Links gilt: Wir haben keinerlei Einfluss auf die Gestaltung und die Inhalte der verkn\u00fcpften Seiten. Gem\u00e4\u00df dem Urteil des Landgerichts Hamburg vom 12. Mai 1998 distanzieren wir uns hiermit ausdr\u00fccklich von allen Inhalten aller Seiten, zu denen Links auf diesen Internetseiten f\u00fchren.<\/p>\n","protected":false},"excerpt":{"rendered":"<p>Kulturpolitische Gesellschaft e.V.Weberstr. 59a53113 BonnTel.: +49 \u2013 (0)228 \u2013 201 67-0Fax: +49 \u2013 (0)228 \u2013 201 67-33post@kupoge.dewww.kupoge.de Gesetzlicher Vertreter Katherine Heid, Gesch\u00e4ftsf\u00fchrerinAmtsgericht Bonn: VR 8284Steuer-Nr.: 205\/5766\/1396Umsatzsteuer-Identifikationsnummer: DE 125135339 Datenschutzbestimmungen Die Kulturpolitische Gesellschaft e.V. nimmt den Schutz Ihrer personenbezogenen Daten sehr ernst. Personenbezogene Informationen werden bei uns nur erhoben, soweit sie f\u00fcr die Ausf\u00fchrung der auf [&hellip;]<\/p>\n","protected":false},"author":1,"featured_media":0,"parent":0,"menu_order":0,"comment_status":"closed","ping_status":"closed","template":"","meta":{"_uag_custom_page_level_css":"","footnotes":""},"class_list":["post-84","page","type-page","status-publish","hentry"],"yoast_head":"<!-- This site is optimized with the Yoast SEO plugin v27.3 - https:\/\/yoast.com\/product\/yoast-seo-wordpress\/ -->\n<title>Impressum - Kulturpolitische Gesellschaft e.V.<\/title>\n<meta name=\"robots\" content=\"index, follow, max-snippet:-1, max-image-preview:large, max-video-preview:-1\" \/>\n<link rel=\"canonical\" href=\"https:\/\/kupoge.de\/blog\/impressum\/\" \/>\n<meta property=\"og:locale\" content=\"de_DE\" \/>\n<meta property=\"og:type\" content=\"article\" \/>\n<meta property=\"og:title\" content=\"Impressum - Kulturpolitische Gesellschaft e.V.\" \/>\n<meta property=\"og:description\" content=\"Kulturpolitische Gesellschaft e.V.Weberstr. 59a53113 BonnTel.: +49 \u2013 (0)228 \u2013 201 67-0Fax: +49 \u2013 (0)228 \u2013 201 67-33post@kupoge.dewww.kupoge.de Gesetzlicher Vertreter Katherine Heid, Gesch\u00e4ftsf\u00fchrerinAmtsgericht Bonn: VR 8284Steuer-Nr.: 205\/5766\/1396Umsatzsteuer-Identifikationsnummer: DE 125135339 Datenschutzbestimmungen Die Kulturpolitische Gesellschaft e.V. nimmt den Schutz Ihrer personenbezogenen Daten sehr ernst. Personenbezogene Informationen werden bei uns nur erhoben, soweit sie f\u00fcr die Ausf\u00fchrung der auf [&hellip;]\" \/>\n<meta property=\"og:url\" content=\"https:\/\/kupoge.de\/blog\/impressum\/\" \/>\n<meta property=\"og:site_name\" content=\"Kulturpolitische Gesellschaft e.V.\" \/>\n<meta property=\"article:modified_time\" content=\"2024-04-05T10:16:37+00:00\" \/>\n<meta name=\"twitter:card\" content=\"summary_large_image\" \/>\n<meta name=\"twitter:label1\" content=\"Gesch\u00e4tzte Lesezeit\" \/>\n\t<meta name=\"twitter:data1\" content=\"2\u00a0Minuten\" \/>\n<script type=\"application\/ld+json\" class=\"yoast-schema-graph\">{\"@context\":\"https:\\\/\\\/schema.org\",\"@graph\":[{\"@type\":\"WebPage\",\"@id\":\"https:\\\/\\\/kupoge.de\\\/blog\\\/impressum\\\/\",\"url\":\"https:\\\/\\\/kupoge.de\\\/blog\\\/impressum\\\/\",\"name\":\"Impressum - Kulturpolitische Gesellschaft e.V.\",\"isPartOf\":{\"@id\":\"https:\\\/\\\/kupoge.de\\\/blog\\\/#website\"},\"datePublished\":\"2020-11-17T12:16:28+00:00\",\"dateModified\":\"2024-04-05T10:16:37+00:00\",\"breadcrumb\":{\"@id\":\"https:\\\/\\\/kupoge.de\\\/blog\\\/impressum\\\/#breadcrumb\"},\"inLanguage\":\"de\",\"potentialAction\":[{\"@type\":\"ReadAction\",\"target\":[\"https:\\\/\\\/kupoge.de\\\/blog\\\/impressum\\\/\"]}]},{\"@type\":\"BreadcrumbList\",\"@id\":\"https:\\\/\\\/kupoge.de\\\/blog\\\/impressum\\\/#breadcrumb\",\"itemListElement\":[{\"@type\":\"ListItem\",\"position\":1,\"name\":\"Startseite\",\"item\":\"https:\\\/\\\/kupoge.de\\\/blog\\\/\"},{\"@type\":\"ListItem\",\"position\":2,\"name\":\"Impressum\"}]},{\"@type\":\"WebSite\",\"@id\":\"https:\\\/\\\/kupoge.de\\\/blog\\\/#website\",\"url\":\"https:\\\/\\\/kupoge.de\\\/blog\\\/\",\"name\":\"Kulturpolitische Gesellschaft e.V.\",\"description\":\"\",\"publisher\":{\"@id\":\"https:\\\/\\\/kupoge.de\\\/blog\\\/#organization\"},\"potentialAction\":[{\"@type\":\"SearchAction\",\"target\":{\"@type\":\"EntryPoint\",\"urlTemplate\":\"https:\\\/\\\/kupoge.de\\\/blog\\\/?s={search_term_string}\"},\"query-input\":{\"@type\":\"PropertyValueSpecification\",\"valueRequired\":true,\"valueName\":\"search_term_string\"}}],\"inLanguage\":\"de\"},{\"@type\":\"Organization\",\"@id\":\"https:\\\/\\\/kupoge.de\\\/blog\\\/#organization\",\"name\":\"Kulturpolitische Gesellschaft e.V.\",\"url\":\"https:\\\/\\\/kupoge.de\\\/blog\\\/\",\"logo\":{\"@type\":\"ImageObject\",\"inLanguage\":\"de\",\"@id\":\"https:\\\/\\\/kupoge.de\\\/blog\\\/#\\\/schema\\\/logo\\\/image\\\/\",\"url\":\"https:\\\/\\\/kupoge.de\\\/blog\\\/wp-content\\\/uploads\\\/2020\\\/11\\\/cropped-kupoge-logo.png\",\"contentUrl\":\"https:\\\/\\\/kupoge.de\\\/blog\\\/wp-content\\\/uploads\\\/2020\\\/11\\\/cropped-kupoge-logo.png\",\"width\":503,\"height\":63,\"caption\":\"Kulturpolitische Gesellschaft e.V.\"},\"image\":{\"@id\":\"https:\\\/\\\/kupoge.de\\\/blog\\\/#\\\/schema\\\/logo\\\/image\\\/\"}}]}<\/script>\n<!-- \/ Yoast SEO plugin. -->","yoast_head_json":{"title":"Impressum - Kulturpolitische Gesellschaft e.V.","robots":{"index":"index","follow":"follow","max-snippet":"max-snippet:-1","max-image-preview":"max-image-preview:large","max-video-preview":"max-video-preview:-1"},"canonical":"https:\/\/kupoge.de\/blog\/impressum\/","og_locale":"de_DE","og_type":"article","og_title":"Impressum - Kulturpolitische Gesellschaft e.V.","og_description":"Kulturpolitische Gesellschaft e.V.Weberstr. 59a53113 BonnTel.: +49 \u2013 (0)228 \u2013 201 67-0Fax: +49 \u2013 (0)228 \u2013 201 67-33post@kupoge.dewww.kupoge.de Gesetzlicher Vertreter Katherine Heid, Gesch\u00e4ftsf\u00fchrerinAmtsgericht Bonn: VR 8284Steuer-Nr.: 205\/5766\/1396Umsatzsteuer-Identifikationsnummer: DE 125135339 Datenschutzbestimmungen Die Kulturpolitische Gesellschaft e.V. nimmt den Schutz Ihrer personenbezogenen Daten sehr ernst. Personenbezogene Informationen werden bei uns nur erhoben, soweit sie f\u00fcr die Ausf\u00fchrung der auf [&hellip;]","og_url":"https:\/\/kupoge.de\/blog\/impressum\/","og_site_name":"Kulturpolitische Gesellschaft e.V.","article_modified_time":"2024-04-05T10:16:37+00:00","twitter_card":"summary_large_image","twitter_misc":{"Gesch\u00e4tzte Lesezeit":"2\u00a0Minuten"},"schema":{"@context":"https:\/\/schema.org","@graph":[{"@type":"WebPage","@id":"https:\/\/kupoge.de\/blog\/impressum\/","url":"https:\/\/kupoge.de\/blog\/impressum\/","name":"Impressum - Kulturpolitische Gesellschaft e.V.","isPartOf":{"@id":"https:\/\/kupoge.de\/blog\/#website"},"datePublished":"2020-11-17T12:16:28+00:00","dateModified":"2024-04-05T10:16:37+00:00","breadcrumb":{"@id":"https:\/\/kupoge.de\/blog\/impressum\/#breadcrumb"},"inLanguage":"de","potentialAction":[{"@type":"ReadAction","target":["https:\/\/kupoge.de\/blog\/impressum\/"]}]},{"@type":"BreadcrumbList","@id":"https:\/\/kupoge.de\/blog\/impressum\/#breadcrumb","itemListElement":[{"@type":"ListItem","position":1,"name":"Startseite","item":"https:\/\/kupoge.de\/blog\/"},{"@type":"ListItem","position":2,"name":"Impressum"}]},{"@type":"WebSite","@id":"https:\/\/kupoge.de\/blog\/#website","url":"https:\/\/kupoge.de\/blog\/","name":"Kulturpolitische Gesellschaft e.V.","description":"","publisher":{"@id":"https:\/\/kupoge.de\/blog\/#organization"},"potentialAction":[{"@type":"SearchAction","target":{"@type":"EntryPoint","urlTemplate":"https:\/\/kupoge.de\/blog\/?s={search_term_string}"},"query-input":{"@type":"PropertyValueSpecification","valueRequired":true,"valueName":"search_term_string"}}],"inLanguage":"de"},{"@type":"Organization","@id":"https:\/\/kupoge.de\/blog\/#organization","name":"Kulturpolitische Gesellschaft e.V.","url":"https:\/\/kupoge.de\/blog\/","logo":{"@type":"ImageObject","inLanguage":"de","@id":"https:\/\/kupoge.de\/blog\/#\/schema\/logo\/image\/","url":"https:\/\/kupoge.de\/blog\/wp-content\/uploads\/2020\/11\/cropped-kupoge-logo.png","contentUrl":"https:\/\/kupoge.de\/blog\/wp-content\/uploads\/2020\/11\/cropped-kupoge-logo.png","width":503,"height":63,"caption":"Kulturpolitische Gesellschaft e.V."},"image":{"@id":"https:\/\/kupoge.de\/blog\/#\/schema\/logo\/image\/"}}]}},"uagb_featured_image_src":{"full":false,"thumbnail":false,"medium":false,"medium_large":false,"large":false,"1536x1536":false,"2048x2048":false,"post-thumbnail":false,"twentytwenty-fullscreen":false},"uagb_author_info":{"display_name":"m39a","author_link":"https:\/\/kupoge.de\/blog\/author\/m39a\/"},"uagb_comment_info":0,"uagb_excerpt":"Kulturpolitische Gesellschaft e.V.Weberstr. 59a53113 BonnTel.: +49 \u2013 (0)228 \u2013 201 67-0Fax: +49 \u2013 (0)228 \u2013 201 67-33post@kupoge.dewww.kupoge.de Gesetzlicher Vertreter Katherine Heid, Gesch\u00e4ftsf\u00fchrerinAmtsgericht Bonn: VR 8284Steuer-Nr.: 205\/5766\/1396Umsatzsteuer-Identifikationsnummer: DE 125135339 Datenschutzbestimmungen Die Kulturpolitische Gesellschaft e.V. nimmt den Schutz Ihrer personenbezogenen Daten sehr ernst. Personenbezogene Informationen werden bei uns nur erhoben, soweit sie f\u00fcr die Ausf\u00fchrung der auf&hellip;","_links":{"self":[{"href":"https:\/\/kupoge.de\/blog\/wp-json\/wp\/v2\/pages\/84","targetHints":{"allow":["GET"]}}],"collection":[{"href":"https:\/\/kupoge.de\/blog\/wp-json\/wp\/v2\/pages"}],"about":[{"href":"https:\/\/kupoge.de\/blog\/wp-json\/wp\/v2\/types\/page"}],"author":[{"embeddable":true,"href":"https:\/\/kupoge.de\/blog\/wp-json\/wp\/v2\/users\/1"}],"replies":[{"embeddable":true,"href":"https:\/\/kupoge.de\/blog\/wp-json\/wp\/v2\/comments?post=84"}],"version-history":[{"count":3,"href":"https:\/\/kupoge.de\/blog\/wp-json\/wp\/v2\/pages\/84\/revisions"}],"predecessor-version":[{"id":1400,"href":"https:\/\/kupoge.de\/blog\/wp-json\/wp\/v2\/pages\/84\/revisions\/1400"}],"wp:attachment":[{"href":"https:\/\/kupoge.de\/blog\/wp-json\/wp\/v2\/media?parent=84"}],"curies":[{"name":"wp","href":"https:\/\/api.w.org\/{rel}","templated":true}]}}