{"id":86,"date":"2020-11-17T13:16:41","date_gmt":"2020-11-17T12:16:41","guid":{"rendered":"https:\/\/kupoge.de\/blog\/?page_id=86"},"modified":"2020-11-23T11:47:36","modified_gmt":"2020-11-23T10:47:36","slug":"datenschutz","status":"publish","type":"page","link":"https:\/\/kupoge.de\/blog\/datenschutz\/","title":{"rendered":"Datenschutz"},"content":{"rendered":"\n<p>Informationen zum Datenschutz und zur Verarbeitung Ihrer personenbezogenen Daten Die Kulturpolitische Gesellschaft e.V. nimmt den Datenschutz und damit den Schutz Ihrer pers\u00f6nlichen Daten sehr ernst. Gerne informieren wir Sie daher \u00fcber den Umgang mit Ihren personenbezogenen Daten.<\/p>\n\n\n\n<h3 class=\"wp-block-heading\">Haftungshinweis<\/h3>\n\n\n\n<p>Die Informationen auf der Internetpr\u00e4senz www.kupoge.de werden st\u00e4ndig gepr\u00fcft und aktualisiert. Trotz aller Sorgfalt k\u00f6nnen sich Daten inzwischen ver\u00e4ndert haben. Eine Haftung oder Garantie f\u00fcr die Aktualit\u00e4t, Richtigkeit und Vollst\u00e4ndigkeit der zur Verf\u00fcgung gestellten Informationen wird daher nicht \u00fcbernommen. Dies gilt auch f\u00fcr die Inhalte externer Links. F\u00fcr diese sind ausschlie\u00dflich deren Betreiber verantwortlich.<\/p>\n\n\n\n<p>Erhebung, Verarbeitung und Nutzung personenbezogener Daten<br>Sie k\u00f6nnen unsere Seite besuchen, ohne Angaben zu Ihrer Person zu machen. Wir speichern lediglich Zugriffsdaten ohne Personenbezug wie z.B. den Namen Ihres Internet Service Providers, die Seite, von der aus Sie uns besuchen oder den Namen der angeforderten Datei. Diese Daten werden ausschlie\u00dflich zur Verbesserung unseres Angebotes ausgewertet und erlauben keinen R\u00fcckschluss auf Ihre Person.<\/p>\n\n\n\n<p>Ihre Daten werden von unserer Seite nicht f\u00fcr eine automatisierte Entscheidungsfindung oder f\u00fcr ein Profiling verwendet.<\/p>\n\n\n\n<p>Die Bereitstellung Ihrer Daten ist f\u00fcr die Kontaktaufnahme und -pflege erforderlich. Die Bereitstellung erfolgt von Ihrer Seite freiwillig, ohne eine Bereitstellung k\u00f6nnen wir Ihr Anliegen jedoch nicht bearbeiten.<\/p>\n\n\n\n<p>Personenbezogene Daten werden nur erhoben, wenn Sie uns diese im Rahmen Ihrer Bestellung von Informationsmaterial oder Registrierung f\u00fcr unseren Newsletter freiwillig mitteilen. Wir verwenden die von ihnen mitgeteilten Daten ohne Ihre gesonderte Einwilligung ausschlie\u00dflich zur Erf\u00fcllung und Abwicklung Ihrer Bestellung. Bei Anmeldung zum Newsletter wird Ihre E-Mail-Adresse zur Versendung genutzt, bis Sie sich vom Newsletter abmelden. Die Abmeldung ist jederzeit m\u00f6glich.<\/p>\n\n\n\n<p>Ihre personenbezogenen Daten werden bei uns f\u00fcr folgende Zwecke verarbeitet: Einladungen zu Veranstaltungen, allgemeine Informationen \u00fcber die KuPoGe, Zusendung des KuPoGe Newsletters oder auch anlassbezogene Schreiben.<\/p>\n\n\n\n<p>Wir verarbeiten die Daten unserer Mitglieder, Unterst\u00fctzer, Interessenten, Kunden oder sonstiger Personen entsprechend Art. 6 Abs. 1 lit. b. DSGVO, sofern wir ihnen gegen\u00fcber vertragliche Leistungen anbieten oder im Rahmen bestehender gesch\u00e4ftlicher Beziehung, z.B. gegen\u00fcber Mitgliedern, t\u00e4tig werden oder selbst Empf\u00e4nger von Leistungen und Zuwendungen sind. Im \u00dcbrigen verarbeiten wir die Daten betroffener Personen gem. Art. 6 Abs. 1 lit. f. DSGVO auf Grundlage unserer berechtigten Interessen, z.B. wenn es sich um administrative Aufgaben oder \u00d6ffentlichkeitsarbeit handelt.<\/p>\n\n\n\n<p>Die hierbei verarbeiteten Daten, die Art, der Umfang und der Zweck und die Erforderlichkeit ihrer Verarbeitung bestimmen sich nach dem zugrundeliegenden Vertragsverh\u00e4ltnis. Dazu geh\u00f6ren grunds\u00e4tzlich Bestands- und Stammdaten der Personen (z.B., Name, Adresse, etc.), als auch die Kontaktdaten (z.B., E-Mailadresse, Telefon, etc.), die Vertragsdaten (z.B., in Anspruch genommene Leistungen, mitgeteilte Inhalte und Informationen, Namen von Kontaktpersonen) und sofern wir zahlungspflichtige Leistungen oder Produkte anbieten, Zahlungsdaten (z.B., Bankverbindung, Zahlungshistorie, etc.)<\/p>\n\n\n\n<p>Wir l\u00f6schen Daten, die zur Erbringung unserer satzungs- und gesch\u00e4ftsm\u00e4\u00dfigen Zwecke nicht mehr erforderlich sind. Dies bestimmt sich entsprechend der jeweiligen Aufgaben und vertraglichen Beziehungen. Im Fall gesch\u00e4ftlicher Verarbeitung bewahren wir die Daten so lange auf, wie sie zur Gesch\u00e4ftsabwicklung, als auch im Hinblick auf etwaige Gew\u00e4hrleistungs- oder Haftungspflichten relevant sein k\u00f6nnen. Die Erforderlichkeit der Aufbewahrung der Daten wird alle drei Jahre \u00fcberpr\u00fcft; im \u00dcbrigen gelten die gesetzlichen Aufbewahrungspflichten.<\/p>\n\n\n\n<h3 class=\"wp-block-heading\">Sicherheit<\/h3>\n\n\n\n<p>Die Kulturpolitische Gesellschaft trifft Vorkehrungen, um Ihre personenbezogenen Daten vor Verlust, Zerst\u00f6rung, Verf\u00e4lschung, Manipulation und unberechtigtem Zugriff zu sch\u00fctzen. Die gesetzlichen Datenschutzbestimmungen der Bundesrepublik Deutschland werden dabei selbstverst\u00e4ndlich beachtet.<\/p>\n\n\n\n<p>Weitergabe personenbezogener Daten<br>Ihre uns von Ihnen \u00fcberlassenen Daten wie Name, Anschrift, E-Mail-Adresse, Telefonnummern werden von uns intern verarbeitet, bzw. an mit uns verbundene Institutionen, z.B. Kooperationspartner, Partnerorganisationen bei Veranstaltungen sowie Regional und Landesgruppen zu den o.a. Zwecken weitergegeben. Die MitarbeiterInnen der Kulturpolitischen Gesellschaft sind zur Vertraulichkeit verpflichtet. Der Zugang zu unserem Mitgliedsbereich ist nur nach Eingabe Ihres pers\u00f6nlichen Passwortes m\u00f6glich. Sie sollten Ihre Zugangsinformationen stets vertraulich behandeln und das Browserfenster schlie\u00dfen, wenn Sie die Kommunikation mit uns beendet haben, insbesondere wenn Sie den Computer gemeinsam mit anderen nutzen.<\/p>\n\n\n\n<h3 class=\"wp-block-heading\">Rechte<\/h3>\n\n\n\n<p>Im Rahmen des Bundesdatenschutzgesetzes stehen Ihnen grunds\u00e4tzlich die Rechte auf Auskunft, Berichtigung, L\u00f6schung, Einschr\u00e4nkung, Daten\u00fcbertragbarkeit, Widerruf und Widerspruch zu.<\/p>\n\n\n\n<p>Sie haben jederzeit das Recht auf Auskunft \u00fcber die bei uns von Ihnen gespeicherten personenbezogenen Daten. Auch werden wir Ihre Daten auf Ihren Wunsch berichtigen, falls sich Fehler bei der Speicherung finden sollten. Auf Ihren Wunsch hin l\u00f6schen wir selbstverst\u00e4ndlich auch alle Ihre personenbezogenen Daten, sofern wir keine gesetzlichen Aufbewahrungspflichten einhalten m\u00fcssen. F\u00fcr diese F\u00e4lle werden wir Ihre Daten f\u00fcr eine weitere Verarbeitung einschr\u00e4nken, so dass sie nicht mehr verwendet werden k\u00f6nnen.<\/p>\n\n\n\n<p>Weiterhin haben Sie ein Widerspruchsrecht gegen die weitere Verarbeitung Ihrer Daten und das Recht, Ihre Daten in elektronischer Form zu erhalten.<\/p>\n\n\n\n<h3 class=\"wp-block-heading\">Ansprechpartner f\u00fcr Datenschutz<\/h3>\n\n\n\n<p>Bei Fragen zur Erhebung, Verarbeitung oder Nutzung Ihrer personenbezogenen Daten, bei Ausk\u00fcnften, Berichtigung, Sperrung oder L\u00f6schung von Daten sowie Widerruf erteilter Einwilligungen wenden Sie sich bitte an:<\/p>\n\n\n\n<p>Kulturpolitische Gesellschaft e.V.<br>Gesch\u00e4ftsleitung<br>Weberstra\u00dfe 59a<br>53113 Bonn<br>post@kupoge.de<\/p>\n\n\n\n<p>Unseren Datenschutzbeauftragten erreichen Sie unter:<br>Ralf Br\u00fcnglinghaus<br>bruenglinghaus@kupoge.de<\/p>\n\n\n\n<p>Mit freundlichen Gr\u00fc\u00dfen<br>Kulturpolitische Gesellschaft e.V.<\/p>\n","protected":false},"excerpt":{"rendered":"<p>Informationen zum Datenschutz und zur Verarbeitung Ihrer personenbezogenen Daten Die Kulturpolitische Gesellschaft e.V. nimmt den Datenschutz und damit den Schutz Ihrer pers\u00f6nlichen Daten sehr ernst. Gerne informieren wir Sie daher \u00fcber den Umgang mit Ihren personenbezogenen Daten. Haftungshinweis Die Informationen auf der Internetpr\u00e4senz www.kupoge.de werden st\u00e4ndig gepr\u00fcft und aktualisiert. Trotz aller Sorgfalt k\u00f6nnen sich Daten [&hellip;]<\/p>\n","protected":false},"author":1,"featured_media":0,"parent":0,"menu_order":0,"comment_status":"closed","ping_status":"closed","template":"","meta":{"_uag_custom_page_level_css":"","footnotes":""},"class_list":["post-86","page","type-page","status-publish","hentry"],"yoast_head":"<!-- This site is optimized with the Yoast SEO plugin v27.3 - https:\/\/yoast.com\/product\/yoast-seo-wordpress\/ -->\n<title>Datenschutz - Kulturpolitische Gesellschaft e.V.<\/title>\n<meta name=\"robots\" content=\"index, follow, max-snippet:-1, max-image-preview:large, max-video-preview:-1\" \/>\n<link rel=\"canonical\" href=\"https:\/\/kupoge.de\/blog\/datenschutz\/\" \/>\n<meta property=\"og:locale\" content=\"de_DE\" \/>\n<meta property=\"og:type\" content=\"article\" \/>\n<meta property=\"og:title\" content=\"Datenschutz - Kulturpolitische Gesellschaft e.V.\" \/>\n<meta property=\"og:description\" content=\"Informationen zum Datenschutz und zur Verarbeitung Ihrer personenbezogenen Daten Die Kulturpolitische Gesellschaft e.V. nimmt den Datenschutz und damit den Schutz Ihrer pers\u00f6nlichen Daten sehr ernst. Gerne informieren wir Sie daher \u00fcber den Umgang mit Ihren personenbezogenen Daten. Haftungshinweis Die Informationen auf der Internetpr\u00e4senz www.kupoge.de werden st\u00e4ndig gepr\u00fcft und aktualisiert. Trotz aller Sorgfalt k\u00f6nnen sich Daten [&hellip;]\" \/>\n<meta property=\"og:url\" content=\"https:\/\/kupoge.de\/blog\/datenschutz\/\" \/>\n<meta property=\"og:site_name\" content=\"Kulturpolitische Gesellschaft e.V.\" \/>\n<meta property=\"article:modified_time\" content=\"2020-11-23T10:47:36+00:00\" \/>\n<meta name=\"twitter:card\" content=\"summary_large_image\" \/>\n<meta name=\"twitter:label1\" content=\"Gesch\u00e4tzte Lesezeit\" \/>\n\t<meta name=\"twitter:data1\" content=\"4\u00a0Minuten\" \/>\n<script type=\"application\/ld+json\" class=\"yoast-schema-graph\">{\"@context\":\"https:\\\/\\\/schema.org\",\"@graph\":[{\"@type\":\"WebPage\",\"@id\":\"https:\\\/\\\/kupoge.de\\\/blog\\\/datenschutz\\\/\",\"url\":\"https:\\\/\\\/kupoge.de\\\/blog\\\/datenschutz\\\/\",\"name\":\"Datenschutz - Kulturpolitische Gesellschaft e.V.\",\"isPartOf\":{\"@id\":\"https:\\\/\\\/kupoge.de\\\/blog\\\/#website\"},\"datePublished\":\"2020-11-17T12:16:41+00:00\",\"dateModified\":\"2020-11-23T10:47:36+00:00\",\"breadcrumb\":{\"@id\":\"https:\\\/\\\/kupoge.de\\\/blog\\\/datenschutz\\\/#breadcrumb\"},\"inLanguage\":\"de\",\"potentialAction\":[{\"@type\":\"ReadAction\",\"target\":[\"https:\\\/\\\/kupoge.de\\\/blog\\\/datenschutz\\\/\"]}]},{\"@type\":\"BreadcrumbList\",\"@id\":\"https:\\\/\\\/kupoge.de\\\/blog\\\/datenschutz\\\/#breadcrumb\",\"itemListElement\":[{\"@type\":\"ListItem\",\"position\":1,\"name\":\"Startseite\",\"item\":\"https:\\\/\\\/kupoge.de\\\/blog\\\/\"},{\"@type\":\"ListItem\",\"position\":2,\"name\":\"Datenschutz\"}]},{\"@type\":\"WebSite\",\"@id\":\"https:\\\/\\\/kupoge.de\\\/blog\\\/#website\",\"url\":\"https:\\\/\\\/kupoge.de\\\/blog\\\/\",\"name\":\"Kulturpolitische Gesellschaft e.V.\",\"description\":\"\",\"publisher\":{\"@id\":\"https:\\\/\\\/kupoge.de\\\/blog\\\/#organization\"},\"potentialAction\":[{\"@type\":\"SearchAction\",\"target\":{\"@type\":\"EntryPoint\",\"urlTemplate\":\"https:\\\/\\\/kupoge.de\\\/blog\\\/?s={search_term_string}\"},\"query-input\":{\"@type\":\"PropertyValueSpecification\",\"valueRequired\":true,\"valueName\":\"search_term_string\"}}],\"inLanguage\":\"de\"},{\"@type\":\"Organization\",\"@id\":\"https:\\\/\\\/kupoge.de\\\/blog\\\/#organization\",\"name\":\"Kulturpolitische Gesellschaft e.V.\",\"url\":\"https:\\\/\\\/kupoge.de\\\/blog\\\/\",\"logo\":{\"@type\":\"ImageObject\",\"inLanguage\":\"de\",\"@id\":\"https:\\\/\\\/kupoge.de\\\/blog\\\/#\\\/schema\\\/logo\\\/image\\\/\",\"url\":\"https:\\\/\\\/kupoge.de\\\/blog\\\/wp-content\\\/uploads\\\/2020\\\/11\\\/cropped-kupoge-logo.png\",\"contentUrl\":\"https:\\\/\\\/kupoge.de\\\/blog\\\/wp-content\\\/uploads\\\/2020\\\/11\\\/cropped-kupoge-logo.png\",\"width\":503,\"height\":63,\"caption\":\"Kulturpolitische Gesellschaft e.V.\"},\"image\":{\"@id\":\"https:\\\/\\\/kupoge.de\\\/blog\\\/#\\\/schema\\\/logo\\\/image\\\/\"}}]}<\/script>\n<!-- \/ Yoast SEO plugin. -->","yoast_head_json":{"title":"Datenschutz - Kulturpolitische Gesellschaft e.V.","robots":{"index":"index","follow":"follow","max-snippet":"max-snippet:-1","max-image-preview":"max-image-preview:large","max-video-preview":"max-video-preview:-1"},"canonical":"https:\/\/kupoge.de\/blog\/datenschutz\/","og_locale":"de_DE","og_type":"article","og_title":"Datenschutz - Kulturpolitische Gesellschaft e.V.","og_description":"Informationen zum Datenschutz und zur Verarbeitung Ihrer personenbezogenen Daten Die Kulturpolitische Gesellschaft e.V. nimmt den Datenschutz und damit den Schutz Ihrer pers\u00f6nlichen Daten sehr ernst. Gerne informieren wir Sie daher \u00fcber den Umgang mit Ihren personenbezogenen Daten. Haftungshinweis Die Informationen auf der Internetpr\u00e4senz www.kupoge.de werden st\u00e4ndig gepr\u00fcft und aktualisiert. Trotz aller Sorgfalt k\u00f6nnen sich Daten [&hellip;]","og_url":"https:\/\/kupoge.de\/blog\/datenschutz\/","og_site_name":"Kulturpolitische Gesellschaft e.V.","article_modified_time":"2020-11-23T10:47:36+00:00","twitter_card":"summary_large_image","twitter_misc":{"Gesch\u00e4tzte Lesezeit":"4\u00a0Minuten"},"schema":{"@context":"https:\/\/schema.org","@graph":[{"@type":"WebPage","@id":"https:\/\/kupoge.de\/blog\/datenschutz\/","url":"https:\/\/kupoge.de\/blog\/datenschutz\/","name":"Datenschutz - Kulturpolitische Gesellschaft e.V.","isPartOf":{"@id":"https:\/\/kupoge.de\/blog\/#website"},"datePublished":"2020-11-17T12:16:41+00:00","dateModified":"2020-11-23T10:47:36+00:00","breadcrumb":{"@id":"https:\/\/kupoge.de\/blog\/datenschutz\/#breadcrumb"},"inLanguage":"de","potentialAction":[{"@type":"ReadAction","target":["https:\/\/kupoge.de\/blog\/datenschutz\/"]}]},{"@type":"BreadcrumbList","@id":"https:\/\/kupoge.de\/blog\/datenschutz\/#breadcrumb","itemListElement":[{"@type":"ListItem","position":1,"name":"Startseite","item":"https:\/\/kupoge.de\/blog\/"},{"@type":"ListItem","position":2,"name":"Datenschutz"}]},{"@type":"WebSite","@id":"https:\/\/kupoge.de\/blog\/#website","url":"https:\/\/kupoge.de\/blog\/","name":"Kulturpolitische Gesellschaft e.V.","description":"","publisher":{"@id":"https:\/\/kupoge.de\/blog\/#organization"},"potentialAction":[{"@type":"SearchAction","target":{"@type":"EntryPoint","urlTemplate":"https:\/\/kupoge.de\/blog\/?s={search_term_string}"},"query-input":{"@type":"PropertyValueSpecification","valueRequired":true,"valueName":"search_term_string"}}],"inLanguage":"de"},{"@type":"Organization","@id":"https:\/\/kupoge.de\/blog\/#organization","name":"Kulturpolitische Gesellschaft e.V.","url":"https:\/\/kupoge.de\/blog\/","logo":{"@type":"ImageObject","inLanguage":"de","@id":"https:\/\/kupoge.de\/blog\/#\/schema\/logo\/image\/","url":"https:\/\/kupoge.de\/blog\/wp-content\/uploads\/2020\/11\/cropped-kupoge-logo.png","contentUrl":"https:\/\/kupoge.de\/blog\/wp-content\/uploads\/2020\/11\/cropped-kupoge-logo.png","width":503,"height":63,"caption":"Kulturpolitische Gesellschaft e.V."},"image":{"@id":"https:\/\/kupoge.de\/blog\/#\/schema\/logo\/image\/"}}]}},"uagb_featured_image_src":{"full":false,"thumbnail":false,"medium":false,"medium_large":false,"large":false,"1536x1536":false,"2048x2048":false,"post-thumbnail":false,"twentytwenty-fullscreen":false},"uagb_author_info":{"display_name":"m39a","author_link":"https:\/\/kupoge.de\/blog\/author\/m39a\/"},"uagb_comment_info":0,"uagb_excerpt":"Informationen zum Datenschutz und zur Verarbeitung Ihrer personenbezogenen Daten Die Kulturpolitische Gesellschaft e.V. nimmt den Datenschutz und damit den Schutz Ihrer pers\u00f6nlichen Daten sehr ernst. Gerne informieren wir Sie daher \u00fcber den Umgang mit Ihren personenbezogenen Daten. Haftungshinweis Die Informationen auf der Internetpr\u00e4senz www.kupoge.de werden st\u00e4ndig gepr\u00fcft und aktualisiert. Trotz aller Sorgfalt k\u00f6nnen sich Daten&hellip;","_links":{"self":[{"href":"https:\/\/kupoge.de\/blog\/wp-json\/wp\/v2\/pages\/86","targetHints":{"allow":["GET"]}}],"collection":[{"href":"https:\/\/kupoge.de\/blog\/wp-json\/wp\/v2\/pages"}],"about":[{"href":"https:\/\/kupoge.de\/blog\/wp-json\/wp\/v2\/types\/page"}],"author":[{"embeddable":true,"href":"https:\/\/kupoge.de\/blog\/wp-json\/wp\/v2\/users\/1"}],"replies":[{"embeddable":true,"href":"https:\/\/kupoge.de\/blog\/wp-json\/wp\/v2\/comments?post=86"}],"version-history":[{"count":3,"href":"https:\/\/kupoge.de\/blog\/wp-json\/wp\/v2\/pages\/86\/revisions"}],"predecessor-version":[{"id":114,"href":"https:\/\/kupoge.de\/blog\/wp-json\/wp\/v2\/pages\/86\/revisions\/114"}],"wp:attachment":[{"href":"https:\/\/kupoge.de\/blog\/wp-json\/wp\/v2\/media?parent=86"}],"curies":[{"name":"wp","href":"https:\/\/api.w.org\/{rel}","templated":true}]}}